{"id":11904,"date":"2019-03-27T18:19:52","date_gmt":"2019-03-27T18:19:52","guid":{"rendered":"https:\/\/buscenter.travel\/?page_id=11904"},"modified":"2019-04-05T09:59:00","modified_gmt":"2019-04-05T09:59:00","slug":"escursioni","status":"publish","type":"page","link":"https:\/\/buscenter.travel\/en\/escursioni\/","title":{"rendered":"Escursioni"},"content":{"rendered":"<p>[vc_row][vc_column][vc_custom_heading text=&#8221;Escursioni da Taormina 2019&#8243; use_theme_fonts=&#8221;yes&#8221;][\/vc_column][\/vc_row][vc_row][vc_column width=&#8221;2\/3&#8243;][vc_hoverbox image=&#8221;11919&#8243; primary_title=&#8221;ETNA SUD &amp; ALCANTARA&#8221; primary_title_font_container=&#8221;color:%23ffffff&#8221; primary_title_google_fonts=&#8221;font_family:Montserrat%3Aregular%2C700|font_style:700%20bold%20regular%3A700%3Anormal&#8221; hover_title=&#8221;ETNA SUD &amp; ALCANTARA&#8221; hover_title_font_container=&#8221;color:%23ffffff&#8221; hover_title_google_fonts=&#8221;font_family:Montserrat%3Aregular%2C700|font_style:400%20regular%3A400%3Anormal&#8221; use_custom_fonts_primary_title=&#8221;true&#8221; use_custom_fonts_hover_title=&#8221;true&#8221;]<strong>Descrizione<\/strong>: da Taormina, passando per i tipici borghi della zona dell&#8217;Etna. Arrivo al parcheggio dell&#8217;Etna Sud \/ Rifugio Sapienza e visita libera dei Crateri Silvestri. Sulla via del ritorno a Taormina, sosta alle Gole dell&#8217;Alcantara e tempo libero per visitare le straordinarie formazioni rocciose.<\/p>\n<p><strong>Con Risalita al Cratere<\/strong>: Escursione come sopra, con estensione alla zona del cratere autorizzata a circa 3000 mt con funivia, jeep e assistenza di guide autorizzate del CAI (Club Alpino Italiano)<\/p>\n<p><strong>Suggerito<\/strong>: pantaloni lunghi, scarpe chiuse, giacca[\/vc_hoverbox][\/vc_column][vc_column width=&#8221;1\/3&#8243;][vc_column_text]Da Maggio ad Ottobre<\/p>\n<p>Tutti i giorni con esclusione il Venerd\u00ec;<\/p>\n<p>Audioguida in 8 lingue;<\/p>\n<p>Costo senza risalita \u20ac 34.00;<\/p>\n<p>Costo con risalita \u20ac. 94,00.[\/vc_column_text][vc_btn title=&#8221;Prenota senza Risalita&#8221; color=&#8221;danger&#8221; link=&#8221;url:https%3A%2F%2Fbuscenter.travel%2Fescursioni%2Fbooking%2F%3Factivity%3D2530582|||&#8221;][vc_btn title=&#8221;Prenota con Risalita&#8221; color=&#8221;danger&#8221; link=&#8221;url:https%3A%2F%2Fbuscenter.travel%2Fescursioni%2Fbooking%2F%3Factivity%3D2530579|||&#8221;][\/vc_column][\/vc_row][vc_row][vc_column][vc_separator][\/vc_column][\/vc_row][vc_row][vc_column width=&#8221;2\/3&#8243;][vc_hoverbox image=&#8221;11910&#8243; primary_title=&#8221;AGRIGENTO &amp; SCALA DEI TURCHI&#8221; primary_title_font_container=&#8221;color:%23ffffff&#8221; primary_title_google_fonts=&#8221;font_family:Montserrat%3Aregular%2C700|font_style:700%20bold%20regular%3A700%3Anormal&#8221; hover_title=&#8221;AGRIGENTO &amp; SCALA DEI TURCHI&#8221; hover_title_use_theme_fonts=&#8221;yes&#8221; use_custom_fonts_primary_title=&#8221;true&#8221; use_custom_fonts_hover_title=&#8221;true&#8221;]<strong>Descrizione<\/strong>: questa escursione ti porta lungo l&#8217;autostrada Catania, Enna, Caltanissetta, attraverso il centro della Sicilia, la via dei grandi pascoli e dei campi di grano, fino alla costa meridionale della Sicilia. Arrivati \u200b\u200bad Agrigento, visitare la Valle dei Templi. Questo parco archeologico \u00e8 famoso in tutto il mondo ed \u00e8 stato dichiarato dall&#8217;UNESCO &#8220;Patrimonio dell&#8217;Umanit\u00e0&#8221; per i suoi templi ben conservati, costruiti dai Greci, tra il 510 e il 430 a.C .: templi di Giunone, Concordia, Ercole, Giove, Castore e Polluce.<br \/>\nL&#8217;escursione prosegue verso la &#8220;Scala dei Turchi&#8221;, un&#8217;incredibile scogliera rocciosa situata sulla costa sud dell&#8217;isola. Il nome in realt\u00e0 si traduce in italiano &#8220;Scala dei Turchi&#8221;. Le rocce rocciose sono state create da Marna, una roccia sedimentaria caratterizzata dal colore bianco. Le scogliere rocciose sono circondate da due spiagge sabbiose e il mare ha il colore dello smeraldo. Questa formazione rocciosa \u00e8 nella lista delle Sette meraviglie naturali d&#8217;Italia perch\u00e9 le sue caratteristiche uniche combinate con la vista estetica sono davvero sorprendenti. Rientro a Taormina nel tardo pomeriggio.<\/p>\n<p><strong>Suggerito<\/strong>:\u00a0 crema solare, costume da bagno, asciugamani da bagno[\/vc_hoverbox][\/vc_column][vc_column width=&#8221;1\/3&#8243;][vc_column_text]Da Maggio ad Ottobre<\/p>\n<p>Marted\u00ec;<\/p>\n<p>Audioguida in 8 lingue;<\/p>\n<p>Costo \u20ac. 45.00;<\/p>\n<p>Possibilit\u00e0 di audio guida presso la Valle dei Templi al costo di \u20ac. 5,00.[\/vc_column_text][vc_btn title=&#8221;Prenota&#8221; color=&#8221;danger&#8221; custom_onclick=&#8221;true&#8221; link=&#8221;url:https%3A%2F%2Fbuscenter.travel%2Fescursioni%2Fbooking%2F%3Factivity%3D2529709|||&#8221;][\/vc_column][\/vc_row][vc_row][vc_column][vc_separator][\/vc_column][\/vc_row][vc_row][vc_column width=&#8221;2\/3&#8243;][vc_hoverbox image=&#8221;11911&#8243; primary_title=&#8221;SIRACUSA &amp; NOTO&#8221; primary_title_font_container=&#8221;color:%23ffffff&#8221; primary_title_google_fonts=&#8221;font_family:Montserrat%3Aregular%2C700|font_style:700%20bold%20regular%3A700%3Anormal&#8221; hover_title=&#8221;SIRACUSA &amp; NOTO&#8221; use_custom_fonts_primary_title=&#8221;true&#8221;]<strong>Descrizione<\/strong>: partenza da Taormina per Siracusa in autostrada e arrivo al parco archeologico in zona Neapolis. Visita le Latomie (querries in pietra), il Teatro Greco, l&#8217;Anfiteatro Romano, l&#8217;Orecchio di Dionisio. La visita prosegue verso l&#8217;isola di Ortigia (centro storico) con il Tempio di Apollo, la Cattedrale, costruita sull&#8217;antico Tempio di Minerva (Atena) e la Fontana di Aretusa, una sorgente di acqua dolce che forma una piscina naturale con papiro, situata su un terrazza con vista sul mare.<br \/>\nL&#8217;escursione prosegue verso Noto, citt\u00e0 barocca dichiarata dall&#8217;UNESCO &#8220;Patrimonio dell&#8217;umanit\u00e0&#8221;, con i suoi palazzi con belle facciate adornate da sculture molto sorprendenti. Rientro a Taormina nel tardo pomeriggio<\/p>\n<p><strong>Suggerito<\/strong>: crema solare, scarpe comode[\/vc_hoverbox][\/vc_column][vc_column width=&#8221;1\/3&#8243;][vc_column_text]Da Maggio ad Ottobre<\/p>\n<p>Luned\u00ec e Venerd\u00ec;<\/p>\n<p>Audioguida in 8 lingue;<\/p>\n<p>Guida a bordo<\/p>\n<p>Costo \u20ac. 45.00;<\/p>\n<p>Possibilit\u00e0 di audioguida presso il teatro greco al costo di \u20ac. 5,00.[\/vc_column_text][vc_btn title=&#8221;Prenota&#8221; color=&#8221;danger&#8221; custom_onclick=&#8221;true&#8221; link=&#8221;url:https%3A%2F%2Fbuscenter.travel%2Fescursioni%2Fbooking%2F%3Factivity%3D2530371|||&#8221;][\/vc_column][\/vc_row][vc_row][vc_column][vc_separator][\/vc_column][\/vc_row][vc_row][vc_column width=&#8221;2\/3&#8243;][vc_hoverbox image=&#8221;11915&#8243; primary_title=&#8221;PALERMO &amp; MONREALE&#8221; primary_title_font_container=&#8221;color:%23ffffff&#8221; primary_title_google_fonts=&#8221;font_family:Montserrat%3Aregular%2C700|font_style:700%20bold%20regular%3A700%3Anormal&#8221; hover_title=&#8221;PALERMO &amp; MONREALE&#8221; use_custom_fonts_primary_title=&#8221;true&#8221;]<strong>Descrizione<\/strong>: Questa escursione ti porta lungo l&#8217;autostrada Catania, Enna, Palermo, attraverso il centro della Sicilia, la via dei grandi pascoli e dei campi di grano. Arrivo a Monreale e visita del Duomo in stile arabo-normanno con i suoi splendidi mosaici. Proseguimento per Palermo e visita del centro storico con la Cattedrale, i Quattro Canti, Piazza Pretoria. Visita al mercato Ballar\u00f2 e Catacombe dei Cappuccini. Rientro a Taormina nel tardo pomeriggio.<\/p>\n<p><strong>Suggerito<\/strong>: crema solare, scarpe comode[\/vc_hoverbox][\/vc_column][vc_column width=&#8221;1\/3&#8243;][vc_column_text]Da Maggio ad Ottobre<\/p>\n<p>Mercoled\u00ec;<\/p>\n<p>Audioguida in 8 lingue;<\/p>\n<p>Guida a bordo;<\/p>\n<p>Costo \u20ac 53.00.[\/vc_column_text][vc_btn title=&#8221;Prenota&#8221; color=&#8221;danger&#8221; custom_onclick=&#8221;true&#8221; link=&#8221;url:https%3A%2F%2Fbuscenter.travel%2Fescursioni%2Fbooking%2F%3Factivity%3D2530371|||&#8221;][\/vc_column][\/vc_row][vc_row][vc_column][vc_separator][\/vc_column][\/vc_row][vc_row][vc_column width=&#8221;2\/3&#8243;][vc_hoverbox image=&#8221;11917&#8243; primary_title=&#8221;COMMISSARIO MONTALBANO&#8221; primary_title_font_container=&#8221;color:%23ffffff&#8221; primary_title_google_fonts=&#8221;font_family:Montserrat%3Aregular%2C700|font_style:700%20bold%20regular%3A700%3Anormal&#8221; hover_title=&#8221;COMMISSARIO MONTALBANO&#8221; use_custom_fonts_primary_title=&#8221;true&#8221;]<strong>Descrizione<\/strong>: Un tour speciale per scoprire le location in cui \u00e8 stata girata la famosa serie TV Camilleri &#8220;Inspector Montalbano&#8221;. Visita della meravigliosa Piazza Duomo a Ragusa Ibla, con la sua chiesa barocca di San Giorgio, che rappresenta la piazza principale di Vig\u00e0ta, la citt\u00e0 immaginaria di Montalbano.<br \/>\nSuccessivamente proseguiremo per il bellissimo Castello di Donnafugata, che nella finzione rappresenta la casa del boss Balduccio Sinagra. Continuare fino a Punta Secca (&#8220;Marinella&#8221; nella fiction) dove \u00e8 possibile visitare la &#8220;Casa di Montalbano&#8221;, che si affaccia sulla spiaggia dove nuotava.<br \/>\nPi\u00f9 tardi raggiungeremo il villaggio di Scicli. Passeggiando per il centro storico, in stile barocco, si raggiunge il &#8220;Palazzo Comunale&#8221;, la stazione di polizia di Vig\u00e0ta, e &#8220;Palazzo Iacono&#8221;, la sede della Polizia, dove \u00e8 possibile visitare l&#8217;ufficio di Montalbano. Rientro a Taormina verso le 18:30.[\/vc_hoverbox][\/vc_column][vc_column width=&#8221;1\/3&#8243;][vc_column_text]Da Maggio ad Ottobre<\/p>\n<p>Luned\u00ec;<\/p>\n<p>MINIMO PARTECIPANTI 15<\/p>\n<p>Flyer in 8 lingue;<\/p>\n<p>Guida a bordo<\/p>\n<p>Costo \u20ac 51.00.[\/vc_column_text][vc_btn title=&#8221;Prenota&#8221; color=&#8221;danger&#8221; custom_onclick=&#8221;true&#8221; link=&#8221;url:https%3A%2F%2Fbuscenter.travel%2Fescursioni%2Fbooking%2F%3Factivity%3D91020140|||&#8221;][\/vc_column][\/vc_row][vc_row][vc_column][vc_separator][\/vc_column][\/vc_row][vc_row][vc_column width=&#8221;2\/3&#8243;][vc_hoverbox image=&#8221;11913&#8243; primary_title=&#8221;LIPARI &amp; VULCANO&#8221; primary_title_font_container=&#8221;color:%23ffffff&#8221; primary_title_google_fonts=&#8221;font_family:Montserrat%3Aregular%2C700|font_style:700%20bold%20regular%3A700%3Anormal&#8221; hover_title=&#8221;LIPARI &amp; VULCANO&#8221; use_custom_fonts_primary_title=&#8221;true&#8221;]<strong>Descrizione<\/strong>: da Taormina a Milazzo. Imbarco per Lipari e visita del centro storico. Tour dell&#8217;isola in battello con brevi soste alle &#8220;Cave di Pomice&#8221; e ai &#8220;Faraglioni&#8221;. Breve gita in mare a Vulcano con possibilit\u00e0 di fare il bagno nelle sorgenti sulfuree o rilassarsi sulla famosa spiaggia nera di sabbia lavica. Imbarco a Milazzo e ritorno a Taormina.<\/p>\n<p><strong>Osservazioni<\/strong>: tassa ecologica non inclusa (da pagare in barca in contanti)<\/p>\n<p><strong>Suggerito<\/strong>: capanna, crema solare, costume da bagno, asciugamano[\/vc_hoverbox][\/vc_column][vc_column width=&#8221;1\/3&#8243;][vc_column_text]Da Maggio ad Ottobre<\/p>\n<p>Mercoled\u00ec e Venerd\u00ec;<\/p>\n<p>Guida a bordo<\/p>\n<p>Flyer in 8 lingue;<\/p>\n<p>Costo \u20ac. 68.00.[\/vc_column_text][vc_btn title=&#8221;Prenota&#8221; color=&#8221;danger&#8221; custom_onclick=&#8221;true&#8221; link=&#8221;url:https%3A%2F%2Fbuscenter.travel%2Fescursioni%2Fbooking%2F%3Factivity%3D2487918|||&#8221;][\/vc_column][\/vc_row][vc_row][vc_column][vc_separator][\/vc_column][\/vc_row][vc_row][vc_column width=&#8221;2\/3&#8243;][vc_hoverbox image=&#8221;11914&#8243; primary_title=&#8221;PANAREA &amp; STROMBOLI&#8221; primary_title_font_container=&#8221;color:%23ffffff&#8221; primary_title_google_fonts=&#8221;font_family:Montserrat%3Aregular%2C700|font_style:700%20bold%20regular%3A700%3Anormal&#8221; hover_title=&#8221;PANAREA &amp; STROMBOLI&#8221; use_custom_fonts_primary_title=&#8221;true&#8221;]<strong>Descrizione<\/strong>: da Taormina a Milazzo. Imbarcarsi per Panarea e fermarsi al porto di San Pietro per visitare o fare il bagno. Partenza per Stromboli con circumnavigazione e sosta a Scari fino al tramonto. Trasferimento sotto la Sciara del Fuoco per ammirare l&#8217;eruzione del vulcano dal mare. Partenza per Milazzo e ritorno a Taormina.<\/p>\n<p><strong>Osservazioni<\/strong>: tassa ecologica non inclusa (da pagare in barca in contanti)<\/p>\n<p><strong>Suggerito<\/strong>: capanna, crema solare, costume da bagno, asciugamano[\/vc_hoverbox][\/vc_column][vc_column width=&#8221;1\/3&#8243;][vc_column_text]Da Maggio ad Ottobre<\/p>\n<p>Gioved\u00ec e Domenica;<\/p>\n<p>Audioguida in 8 lingue;<\/p>\n<p>Guida a bordo<\/p>\n<p>Costo \u20ac. 80.00.[\/vc_column_text][vc_btn title=&#8221;Prenota&#8221; color=&#8221;danger&#8221; custom_onclick=&#8221;true&#8221; link=&#8221;url:https%3A%2F%2Fbuscenter.travel%2Fescursioni%2Fbooking%2F%3Factivity%3D2529603|||&#8221;][\/vc_column][\/vc_row][vc_row][vc_column][vc_separator][\/vc_column][\/vc_row][vc_row][vc_column width=&#8221;2\/3&#8243;][vc_hoverbox image=&#8221;11916&#8243; primary_title=&#8221;LA VIA DEL VINO DELL&#8217;ETNA&#8221; primary_title_font_container=&#8221;color:%23ffffff&#8221; primary_title_google_fonts=&#8221;font_family:Montserrat%3Aregular%2C700|font_style:700%20bold%20regular%3A700%3Anormal&#8221; hover_title=&#8221;VIA DEI VINI DELL\u2019ETNA&#8221; use_custom_fonts_primary_title=&#8221;true&#8221;]<strong>Descrizione<\/strong>: una gita lungo la Strada del Vino dell&#8217;Etna, alla scoperta dell&#8217;Etna: qui profumi, sapori e bellezze uniche e travolgenti si incontrano ad ogni curva, villaggi di pietra lavica a picco sul mare, antiche case rurali con acquerelli ancora resistenti, case padronali, con le loro architetture piacevoli ed equilibrate.<br \/>\nAttraversando i villaggi di Fiumefreddo di Sicilia, Piedimonte Etneo e Linguaglossa, raggiungeremo uno dei borghi pi\u00f9 belli d&#8217;Italia: Castiglione di Sicilia, la Citt\u00e0 del Vino. Passeggiata lungo il centro storico, caratterizzato dalle monumentali chiese di Sant&#8217;Antonio Abate, con i suoi preziosi intarsi in marmo, e dalla Basilica della Madonna della Catena fino al Castello di Lauria, che, alto e imponente, domina la Valle dell&#8217;Alcantara.<br \/>\nVisiteremo poi una moderna cantina, dove potrete degustare una selezione di vini DOC Etna, formaggi DOP e salumi dei monti Nebrodi.<\/p>\n<p><strong>Suggerito<\/strong>: capanna, crema solare, scarpe comode[\/vc_hoverbox][\/vc_column][vc_column width=&#8221;1\/3&#8243;][vc_column_text]Da Maggio a Settembre<\/p>\n<p>Venerd\u00ec;<\/p>\n<p>MINIMO PARTECIPANTI 15<\/p>\n<p>Audioguida in 8 lingue;<\/p>\n<p>Costo \u20ac 43.00.[\/vc_column_text][vc_btn title=&#8221;Prenota&#8221; color=&#8221;danger&#8221; custom_onclick=&#8221;true&#8221; link=&#8221;url:https%3A%2F%2Fbuscenter.travel%2Fescursioni%2Fbooking%2F%3Factivity%3D91020137|||&#8221;][\/vc_column][\/vc_row][vc_row][vc_column][vc_separator][\/vc_column][\/vc_row][vc_row][vc_column width=&#8221;2\/3&#8243;][vc_hoverbox image=&#8221;11920&#8243; primary_title=&#8221;ETNALAND&#8221; primary_title_font_container=&#8221;color:%23ffffff&#8221; primary_title_google_fonts=&#8221;font_family:Montserrat%3Aregular%2C700|font_style:700%20bold%20regular%3A700%3Anormal&#8221; hover_title=&#8221;ETNALAND&#8221; use_custom_fonts_primary_title=&#8221;true&#8221;]Da Lugio ad Settembre<\/p>\n<p>Marted\u00ec-Gioved\u00ec-Sabato;<\/p>\n<p>Costo \u20ac 20.00.[\/vc_hoverbox][\/vc_column][vc_column width=&#8221;1\/3&#8243;][vc_column_text]Da Lugio ad Settembre<\/p>\n<p>Marted\u00ec-Gioved\u00ec-Sabato;<\/p>\n<p>Costo \u20ac 20.00.[\/vc_column_text][vc_btn title=&#8221;Prenota&#8221; color=&#8221;danger&#8221; custom_onclick=&#8221;true&#8221; link=&#8221;url:https%3A%2F%2Fbuscenter.travel%2Fescursioni%2Fbooking%2F%3Factivity%3D3775757|||&#8221;][\/vc_column][\/vc_row]<\/p>\n","protected":false},"excerpt":{"rendered":"<p>[vc_row][vc_column][vc_custom_heading text=&#8221;Escursioni da Taormina 2019&#8243; use_theme_fonts=&#8221;yes&#8221;][\/vc_column][\/vc_row][vc_row][vc_column width=&#8221;2\/3&#8243;][vc_hoverbox image=&#8221;11919&#8243; primary_title=&#8221;ETNA SUD &amp; ALCANTARA&#8221; primary_title_font_container=&#8221;color:%23ffffff&#8221; primary_title_google_fonts=&#8221;font_family:Montserrat%3Aregular%2C700|font_style:700%20bold%20regular%3A700%3Anormal&#8221; hover_title=&#8221;ETNA SUD &amp; ALCANTARA&#8221; hover_title_font_container=&#8221;color:%23ffffff&#8221; hover_title_google_fonts=&#8221;font_family:Montserrat%3Aregular%2C700|font_style:400%20regular%3A400%3Anormal&#8221;&#8230;<\/p>\n","protected":false},"author":3,"featured_media":11931,"parent":0,"menu_order":0,"comment_status":"closed","ping_status":"closed","template":"","meta":[],"yoast_head":"<!-- This site is optimized with the Yoast SEO plugin v15.5 - https:\/\/yoast.com\/wordpress\/plugins\/seo\/ -->\n<title>Escursioni &bull; BusCenter: Viaggi in Bus in Italia - Prenota viaggi low cost<\/title>\n<meta name=\"robots\" content=\"index, follow, max-snippet:-1, max-image-preview:large, max-video-preview:-1\" \/>\n<link rel=\"canonical\" href=\"https:\/\/buscenter.travel\/escursioni\/\" \/>\n<meta property=\"og:locale\" content=\"en_US\" \/>\n<meta property=\"og:type\" content=\"article\" \/>\n<meta property=\"og:title\" content=\"Escursioni &bull; BusCenter: Viaggi in Bus in Italia - Prenota viaggi low cost\" \/>\n<meta property=\"og:description\" content=\"[vc_row][vc_column][vc_custom_heading text=&#8221;Escursioni da Taormina 2019&#8243; use_theme_fonts=&#8221;yes&#8221;][\/vc_column][\/vc_row][vc_row][vc_column width=&#8221;2\/3&#8243;][vc_hoverbox image=&#8221;11919&#8243; primary_title=&#8221;ETNA SUD &amp; ALCANTARA&#8221; primary_title_font_container=&#8221;color:%23ffffff&#8221; primary_title_google_fonts=&#8221;font_family:Montserrat%3Aregular%2C700|font_style:700%20bold%20regular%3A700%3Anormal&#8221; hover_title=&#8221;ETNA SUD &amp; ALCANTARA&#8221; hover_title_font_container=&#8221;color:%23ffffff&#8221; hover_title_google_fonts=&#8221;font_family:Montserrat%3Aregular%2C700|font_style:400%20regular%3A400%3Anormal&#8221;...\" \/>\n<meta property=\"og:url\" content=\"https:\/\/buscenter.travel\/escursioni\/\" \/>\n<meta property=\"og:site_name\" content=\"BusCenter: Viaggi in Bus in Italia - Prenota viaggi low cost\" \/>\n<meta property=\"article:publisher\" content=\"https:\/\/www.facebook.com\/buscenter\/\" \/>\n<meta property=\"article:modified_time\" content=\"2019-04-05T09:59:00+00:00\" \/>\n<meta property=\"og:image\" content=\"https:\/\/buscenter.travel\/wp-content\/uploads\/2019\/03\/italy-3116211_1920.jpg\" \/>\n\t<meta property=\"og:image:width\" content=\"1920\" \/>\n\t<meta property=\"og:image:height\" content=\"1282\" \/>\n<meta name=\"twitter:card\" content=\"summary_large_image\" \/>\n<meta name=\"twitter:site\" content=\"@buscenter_srl\" \/>\n<meta name=\"twitter:label1\" content=\"Est. reading time\">\n\t<meta name=\"twitter:data1\" content=\"8 minutes\">\n<script type=\"application\/ld+json\" class=\"yoast-schema-graph\">{\"@context\":\"https:\/\/schema.org\",\"@graph\":[{\"@type\":\"Organization\",\"@id\":\"https:\/\/buscenter.travel\/#organization\",\"name\":\"BusCenter\",\"url\":\"https:\/\/buscenter.travel\/\",\"sameAs\":[\"https:\/\/www.facebook.com\/buscenter\/\",\"https:\/\/www.instagram.com\/buscenter_onbus\/\",\"https:\/\/www.linkedin.com\/company\/buscenter\/\",\"https:\/\/twitter.com\/buscenter_srl\"],\"logo\":{\"@type\":\"ImageObject\",\"@id\":\"https:\/\/buscenter.travel\/#logo\",\"inLanguage\":\"en-US\",\"url\":\"https:\/\/buscenter.travel\/wp-content\/uploads\/2019\/02\/buscenter.png\",\"width\":1000,\"height\":167,\"caption\":\"BusCenter\"},\"image\":{\"@id\":\"https:\/\/buscenter.travel\/#logo\"}},{\"@type\":\"WebSite\",\"@id\":\"https:\/\/buscenter.travel\/#website\",\"url\":\"https:\/\/buscenter.travel\/\",\"name\":\"BusCenter: Viaggi in Bus in Italia - Prenota viaggi low cost\",\"description\":\"Il tuo punto di partenza\",\"publisher\":{\"@id\":\"https:\/\/buscenter.travel\/#organization\"},\"potentialAction\":[{\"@type\":\"SearchAction\",\"target\":\"https:\/\/buscenter.travel\/?s={search_term_string}\",\"query-input\":\"required name=search_term_string\"}],\"inLanguage\":\"en-US\"},{\"@type\":\"ImageObject\",\"@id\":\"https:\/\/buscenter.travel\/escursioni\/#primaryimage\",\"inLanguage\":\"en-US\",\"url\":\"https:\/\/buscenter.travel\/wp-content\/uploads\/2019\/03\/italy-3116211_1920.jpg\",\"width\":1920,\"height\":1282},{\"@type\":\"WebPage\",\"@id\":\"https:\/\/buscenter.travel\/escursioni\/#webpage\",\"url\":\"https:\/\/buscenter.travel\/escursioni\/\",\"name\":\"Escursioni &bull; BusCenter: Viaggi in Bus in Italia - Prenota viaggi low cost\",\"isPartOf\":{\"@id\":\"https:\/\/buscenter.travel\/#website\"},\"primaryImageOfPage\":{\"@id\":\"https:\/\/buscenter.travel\/escursioni\/#primaryimage\"},\"datePublished\":\"2019-03-27T18:19:52+00:00\",\"dateModified\":\"2019-04-05T09:59:00+00:00\",\"inLanguage\":\"en-US\",\"potentialAction\":[{\"@type\":\"ReadAction\",\"target\":[\"https:\/\/buscenter.travel\/escursioni\/\"]}]}]}<\/script>\n<!-- \/ Yoast SEO plugin. -->","_links":{"self":[{"href":"https:\/\/buscenter.travel\/en\/wp-json\/wp\/v2\/pages\/11904"}],"collection":[{"href":"https:\/\/buscenter.travel\/en\/wp-json\/wp\/v2\/pages"}],"about":[{"href":"https:\/\/buscenter.travel\/en\/wp-json\/wp\/v2\/types\/page"}],"author":[{"embeddable":true,"href":"https:\/\/buscenter.travel\/en\/wp-json\/wp\/v2\/users\/3"}],"replies":[{"embeddable":true,"href":"https:\/\/buscenter.travel\/en\/wp-json\/wp\/v2\/comments?post=11904"}],"version-history":[{"count":0,"href":"https:\/\/buscenter.travel\/en\/wp-json\/wp\/v2\/pages\/11904\/revisions"}],"wp:featuredmedia":[{"embeddable":true,"href":"https:\/\/buscenter.travel\/en\/wp-json\/wp\/v2\/media\/11931"}],"wp:attachment":[{"href":"https:\/\/buscenter.travel\/en\/wp-json\/wp\/v2\/media?parent=11904"}],"curies":[{"name":"wp","href":"https:\/\/api.w.org\/{rel}","templated":true}]}}