{"id":15314,"date":"2020-12-15T16:09:16","date_gmt":"2020-12-15T16:09:16","guid":{"rendered":"https:\/\/buscenter.travel\/?page_id=15314"},"modified":"2020-12-16T18:05:38","modified_gmt":"2020-12-16T18:05:38","slug":"chi-siamo","status":"publish","type":"page","link":"https:\/\/buscenter.travel\/en\/chi-siamo\/","title":{"rendered":"Chi siamo"},"content":{"rendered":"\n<p><strong>BusCenter<\/strong>&nbsp;\u00e8 un portale che ti permette di&nbsp;conoscere i <strong>collegamenti operati con <\/strong><strong>bus<\/strong><strong>&nbsp;in tutta Europa e nel mondo<\/strong>.<\/p>\n\n\n\n<p>Perch\u00e9 tu possa avere contezza di quanto l\u2019Europa ed il mondo siano in grado di offrirti in questo settore, Bus Center, in perfetta chiarezza e trasparenza, ha deciso di metterti a conoscenza sia dei viaggi offerti da Bus Center che dei viaggi offerti da terzi vettori.<\/p>\n\n\n\n<p>Con la stessa chiarezza e trasparenza ti informiamo che le&nbsp;Condizioni generali di trasportoBus Center vengono applicate solo ai collegamenti offerti da Bus Center. Ai collegamenti offerti da terzi vettori vengono infatti applicate le Condizioni generali di trasporto del singolo vettore, riportate sulle pagine e sui canali di riferimento di questi ultimi.<\/p>\n\n\n\n<p>Riteniamo, dunque, essenziale chiarire che per i titoli offerti da terzi vettori, Bus Center si impegna esclusivamente a renderti note le soluzioni di viaggio offerte da questi, ma non \u00e8 responsabile per le gestione e la qualit\u00e0 dei servizi offerti dai terzi vettori, n\u00e9 per eventuali cancellazioni o modifiche alle partenze operate dagli stessi.<\/p>\n\n\n\n<p>Ai terzi vettori dovrai quindi rivolgerti per eventuali ritardi, cancellazioni, evasioni di reclami, richieste di annullamento o di rimborso, nonch\u00e9 per richieste inerenti ai diritti dei passeggeri con disabilit\u00e0 o mobilit\u00e0 ridotta.<\/p>\n\n\n\n<p>Perch\u00e9 la distinzione tra le due tipologie di servizi offerti (da parte di Bus Center o da parte di terzi vettori) sia ancora pi\u00f9 evidente abbiamo anche distinto i pulsanti sul sito:<\/p>\n\n\n\n<ul><li>con il pulsante su cui c\u2019\u00e8 scritto il <strong>prezzo della soluzione proposta e di colore rosso<\/strong>, accedi a servizi offerti da Bus Center;<\/li><li>con il pulsante su cui c\u2019\u00e8 scritto <strong>il prezzo della soluzione proposta di colore blu ed un icona che ne identifica il re indirizzamento<\/strong>, accedi a servizi offerti da vettori terzi.<\/li><\/ul>\n\n\n\n<p>BusCenter spera che questa scelta di condivisione delle opportunit\u00e0 e di chiarezza preventiva nella distinzione delle responsabilit\u00e0 possa essere da te apprezzata.<\/p>\n\n\n\n<p>Buon viaggio !<\/p>\n","protected":false},"excerpt":{"rendered":"<p>BusCenter&nbsp;\u00e8 un portale che ti permette di&nbsp;conoscere i collegamenti operati con bus&nbsp;in tutta Europa e nel mondo. Perch\u00e9 tu possa&#8230;<\/p>\n","protected":false},"author":3,"featured_media":0,"parent":0,"menu_order":0,"comment_status":"closed","ping_status":"closed","template":"","meta":[],"yoast_head":"<!-- This site is optimized with the Yoast SEO plugin v15.5 - https:\/\/yoast.com\/wordpress\/plugins\/seo\/ -->\n<title>Chi siamo &bull; BusCenter: Viaggi in Bus in Italia - Prenota viaggi low cost<\/title>\n<meta name=\"robots\" content=\"index, follow, max-snippet:-1, max-image-preview:large, max-video-preview:-1\" \/>\n<link rel=\"canonical\" href=\"https:\/\/buscenter.travel\/chi-siamo\/\" \/>\n<meta property=\"og:locale\" content=\"en_US\" \/>\n<meta property=\"og:type\" content=\"article\" \/>\n<meta property=\"og:title\" content=\"Chi siamo &bull; BusCenter: Viaggi in Bus in Italia - Prenota viaggi low cost\" \/>\n<meta property=\"og:description\" content=\"BusCenter&nbsp;\u00e8 un portale che ti permette di&nbsp;conoscere i collegamenti operati con bus&nbsp;in tutta Europa e nel mondo. Perch\u00e9 tu possa...\" \/>\n<meta property=\"og:url\" content=\"https:\/\/buscenter.travel\/chi-siamo\/\" \/>\n<meta property=\"og:site_name\" content=\"BusCenter: Viaggi in Bus in Italia - Prenota viaggi low cost\" \/>\n<meta property=\"article:publisher\" content=\"https:\/\/www.facebook.com\/buscenter\/\" \/>\n<meta property=\"article:modified_time\" content=\"2020-12-16T18:05:38+00:00\" \/>\n<meta name=\"twitter:card\" content=\"summary_large_image\" \/>\n<meta name=\"twitter:site\" content=\"@buscenter_srl\" \/>\n<meta name=\"twitter:label1\" content=\"Est. reading time\">\n\t<meta name=\"twitter:data1\" content=\"1 minute\">\n<script type=\"application\/ld+json\" class=\"yoast-schema-graph\">{\"@context\":\"https:\/\/schema.org\",\"@graph\":[{\"@type\":\"Organization\",\"@id\":\"https:\/\/buscenter.travel\/#organization\",\"name\":\"BusCenter\",\"url\":\"https:\/\/buscenter.travel\/\",\"sameAs\":[\"https:\/\/www.facebook.com\/buscenter\/\",\"https:\/\/www.instagram.com\/buscenter_onbus\/\",\"https:\/\/www.linkedin.com\/company\/buscenter\/\",\"https:\/\/twitter.com\/buscenter_srl\"],\"logo\":{\"@type\":\"ImageObject\",\"@id\":\"https:\/\/buscenter.travel\/#logo\",\"inLanguage\":\"en-US\",\"url\":\"https:\/\/buscenter.travel\/wp-content\/uploads\/2019\/02\/buscenter.png\",\"width\":1000,\"height\":167,\"caption\":\"BusCenter\"},\"image\":{\"@id\":\"https:\/\/buscenter.travel\/#logo\"}},{\"@type\":\"WebSite\",\"@id\":\"https:\/\/buscenter.travel\/#website\",\"url\":\"https:\/\/buscenter.travel\/\",\"name\":\"BusCenter: Viaggi in Bus in Italia - Prenota viaggi low cost\",\"description\":\"Il tuo punto di partenza\",\"publisher\":{\"@id\":\"https:\/\/buscenter.travel\/#organization\"},\"potentialAction\":[{\"@type\":\"SearchAction\",\"target\":\"https:\/\/buscenter.travel\/?s={search_term_string}\",\"query-input\":\"required name=search_term_string\"}],\"inLanguage\":\"en-US\"},{\"@type\":\"WebPage\",\"@id\":\"https:\/\/buscenter.travel\/chi-siamo\/#webpage\",\"url\":\"https:\/\/buscenter.travel\/chi-siamo\/\",\"name\":\"Chi siamo &bull; BusCenter: Viaggi in Bus in Italia - Prenota viaggi low cost\",\"isPartOf\":{\"@id\":\"https:\/\/buscenter.travel\/#website\"},\"datePublished\":\"2020-12-15T16:09:16+00:00\",\"dateModified\":\"2020-12-16T18:05:38+00:00\",\"inLanguage\":\"en-US\",\"potentialAction\":[{\"@type\":\"ReadAction\",\"target\":[\"https:\/\/buscenter.travel\/chi-siamo\/\"]}]}]}<\/script>\n<!-- \/ Yoast SEO plugin. -->","_links":{"self":[{"href":"https:\/\/buscenter.travel\/en\/wp-json\/wp\/v2\/pages\/15314"}],"collection":[{"href":"https:\/\/buscenter.travel\/en\/wp-json\/wp\/v2\/pages"}],"about":[{"href":"https:\/\/buscenter.travel\/en\/wp-json\/wp\/v2\/types\/page"}],"author":[{"embeddable":true,"href":"https:\/\/buscenter.travel\/en\/wp-json\/wp\/v2\/users\/3"}],"replies":[{"embeddable":true,"href":"https:\/\/buscenter.travel\/en\/wp-json\/wp\/v2\/comments?post=15314"}],"version-history":[{"count":0,"href":"https:\/\/buscenter.travel\/en\/wp-json\/wp\/v2\/pages\/15314\/revisions"}],"wp:attachment":[{"href":"https:\/\/buscenter.travel\/en\/wp-json\/wp\/v2\/media?parent=15314"}],"curies":[{"name":"wp","href":"https:\/\/api.w.org\/{rel}","templated":true}]}}