{"id":15359,"date":"2020-12-16T15:54:19","date_gmt":"2020-12-16T15:54:19","guid":{"rendered":"https:\/\/buscenter.travel\/?page_id=15359"},"modified":"2020-12-16T16:41:46","modified_gmt":"2020-12-16T16:41:46","slug":"sicuro","status":"publish","type":"page","link":"https:\/\/buscenter.travel\/en\/sicuro\/","title":{"rendered":"Sicuro"},"content":{"rendered":"<p>[vc_row][vc_column width=&#8221;1\/2&#8243;][vc_single_image image=&#8221;15377&#8243; img_size=&#8221;full&#8221;][\/vc_column][vc_column width=&#8221;1\/2&#8243;][vc_custom_heading text=&#8221;L&#8217;autobus \u00e8 un mezzo sicuro&#8221; font_container=&#8221;tag:h3|text_align:left|color:%23c40d00&#8243; use_theme_fonts=&#8221;yes&#8221;][vc_column_text]Secondo quanto emerge dai risultati delle statistiche, l&#8217;<strong>autobus\u00a0<\/strong>\u00e8 il <strong>mezzo di trasporto pi\u00f9 sicuro<\/strong>. Soltanto sei incidenti su mille coinvolgono questa tipologia di veicolo.<\/p>\n<p>Se vuoi goderti un <strong>viaggio in tranquillit\u00e0<\/strong>, senza preoccuparti del traffico <strong>l&#8217;autobus \u00e8 la scelta ideale<\/strong>. Potrai ammirare il panorama, ascoltare la musica, leggere un libro o chiacchierare con i tuoi amici in totale relax!<\/p>\n<p><!-- \/wp:paragraph -->Potrai approfittare di un <strong>viaggio comodo e sicuro<\/strong> anche nelle ore serali e notturne. Non rinunciare a una giornata di festa o a raggiungere i tuoi cari facendo loro una visita a sorpresa.<\/p>\n<p>Raggiungere la propria destinazione non \u00e8 mai stato cos\u00ec facile: scegli la tua meta e affidati alla professionalit\u00e0 di autisti certificati.[\/vc_column_text][\/vc_column][\/vc_row][vc_row][vc_column][vc_column_text]Viaggiare sicuri \u00e8 possibile anche in un momento delicato come quello attuale. Nel rispetto delle norme igienico sanitarie vigenti, per tutelare la salute dei passeggeri gli <strong>autobus<\/strong> vengono<strong> igienizzati e sanificati quotidianamente<\/strong>. <strong>I<\/strong> <strong>conducenti<\/strong>, inoltre, <strong>indossano i dispositivi di protezione<\/strong>.[\/vc_column_text][\/vc_column][\/vc_row]<\/p>\n","protected":false},"excerpt":{"rendered":"<p>[vc_row][vc_column width=&#8221;1\/2&#8243;][vc_single_image image=&#8221;15377&#8243; img_size=&#8221;full&#8221;][\/vc_column][vc_column width=&#8221;1\/2&#8243;][vc_custom_heading text=&#8221;L&#8217;autobus \u00e8 un mezzo sicuro&#8221; font_container=&#8221;tag:h3|text_align:left|color:%23c40d00&#8243; use_theme_fonts=&#8221;yes&#8221;][vc_column_text]Secondo quanto emerge dai risultati delle statistiche, l&#8217;autobus\u00a0\u00e8 il&#8230;<\/p>\n","protected":false},"author":1,"featured_media":0,"parent":0,"menu_order":0,"comment_status":"closed","ping_status":"closed","template":"","meta":[],"yoast_head":"<!-- This site is optimized with the Yoast SEO plugin v15.5 - https:\/\/yoast.com\/wordpress\/plugins\/seo\/ -->\n<title>Sicuro &bull; BusCenter: Viaggi in Bus in Italia - Prenota viaggi low cost<\/title>\n<meta name=\"robots\" content=\"index, follow, max-snippet:-1, max-image-preview:large, max-video-preview:-1\" \/>\n<link rel=\"canonical\" href=\"https:\/\/buscenter.travel\/sicuro\/\" \/>\n<meta property=\"og:locale\" content=\"en_US\" \/>\n<meta property=\"og:type\" content=\"article\" \/>\n<meta property=\"og:title\" content=\"Sicuro &bull; BusCenter: Viaggi in Bus in Italia - Prenota viaggi low cost\" \/>\n<meta property=\"og:description\" content=\"[vc_row][vc_column width=&#8221;1\/2&#8243;][vc_single_image image=&#8221;15377&#8243; img_size=&#8221;full&#8221;][\/vc_column][vc_column width=&#8221;1\/2&#8243;][vc_custom_heading text=&#8221;L&#8217;autobus \u00e8 un mezzo sicuro&#8221; font_container=&#8221;tag:h3|text_align:left|color:%23c40d00&#8243; use_theme_fonts=&#8221;yes&#8221;][vc_column_text]Secondo quanto emerge dai risultati delle statistiche, l&#8217;autobus\u00a0\u00e8 il...\" \/>\n<meta property=\"og:url\" content=\"https:\/\/buscenter.travel\/sicuro\/\" \/>\n<meta property=\"og:site_name\" content=\"BusCenter: Viaggi in Bus in Italia - Prenota viaggi low cost\" \/>\n<meta property=\"article:publisher\" content=\"https:\/\/www.facebook.com\/buscenter\/\" \/>\n<meta property=\"article:modified_time\" content=\"2020-12-16T16:41:46+00:00\" \/>\n<meta name=\"twitter:card\" content=\"summary_large_image\" \/>\n<meta name=\"twitter:site\" content=\"@buscenter_srl\" \/>\n<meta name=\"twitter:label1\" content=\"Est. reading time\">\n\t<meta name=\"twitter:data1\" content=\"1 minute\">\n<script type=\"application\/ld+json\" class=\"yoast-schema-graph\">{\"@context\":\"https:\/\/schema.org\",\"@graph\":[{\"@type\":\"Organization\",\"@id\":\"https:\/\/buscenter.travel\/#organization\",\"name\":\"BusCenter\",\"url\":\"https:\/\/buscenter.travel\/\",\"sameAs\":[\"https:\/\/www.facebook.com\/buscenter\/\",\"https:\/\/www.instagram.com\/buscenter_onbus\/\",\"https:\/\/www.linkedin.com\/company\/buscenter\/\",\"https:\/\/twitter.com\/buscenter_srl\"],\"logo\":{\"@type\":\"ImageObject\",\"@id\":\"https:\/\/buscenter.travel\/#logo\",\"inLanguage\":\"en-US\",\"url\":\"https:\/\/buscenter.travel\/wp-content\/uploads\/2019\/02\/buscenter.png\",\"width\":1000,\"height\":167,\"caption\":\"BusCenter\"},\"image\":{\"@id\":\"https:\/\/buscenter.travel\/#logo\"}},{\"@type\":\"WebSite\",\"@id\":\"https:\/\/buscenter.travel\/#website\",\"url\":\"https:\/\/buscenter.travel\/\",\"name\":\"BusCenter: Viaggi in Bus in Italia - Prenota viaggi low cost\",\"description\":\"Il tuo punto di partenza\",\"publisher\":{\"@id\":\"https:\/\/buscenter.travel\/#organization\"},\"potentialAction\":[{\"@type\":\"SearchAction\",\"target\":\"https:\/\/buscenter.travel\/?s={search_term_string}\",\"query-input\":\"required name=search_term_string\"}],\"inLanguage\":\"en-US\"},{\"@type\":\"WebPage\",\"@id\":\"https:\/\/buscenter.travel\/sicuro\/#webpage\",\"url\":\"https:\/\/buscenter.travel\/sicuro\/\",\"name\":\"Sicuro &bull; BusCenter: Viaggi in Bus in Italia - Prenota viaggi low cost\",\"isPartOf\":{\"@id\":\"https:\/\/buscenter.travel\/#website\"},\"datePublished\":\"2020-12-16T15:54:19+00:00\",\"dateModified\":\"2020-12-16T16:41:46+00:00\",\"inLanguage\":\"en-US\",\"potentialAction\":[{\"@type\":\"ReadAction\",\"target\":[\"https:\/\/buscenter.travel\/sicuro\/\"]}]}]}<\/script>\n<!-- \/ Yoast SEO plugin. -->","_links":{"self":[{"href":"https:\/\/buscenter.travel\/en\/wp-json\/wp\/v2\/pages\/15359"}],"collection":[{"href":"https:\/\/buscenter.travel\/en\/wp-json\/wp\/v2\/pages"}],"about":[{"href":"https:\/\/buscenter.travel\/en\/wp-json\/wp\/v2\/types\/page"}],"author":[{"embeddable":true,"href":"https:\/\/buscenter.travel\/en\/wp-json\/wp\/v2\/users\/1"}],"replies":[{"embeddable":true,"href":"https:\/\/buscenter.travel\/en\/wp-json\/wp\/v2\/comments?post=15359"}],"version-history":[{"count":0,"href":"https:\/\/buscenter.travel\/en\/wp-json\/wp\/v2\/pages\/15359\/revisions"}],"wp:attachment":[{"href":"https:\/\/buscenter.travel\/en\/wp-json\/wp\/v2\/media?parent=15359"}],"curies":[{"name":"wp","href":"https:\/\/api.w.org\/{rel}","templated":true}]}}