{"id":8800,"date":"2018-05-31T15:13:30","date_gmt":"2018-05-31T15:13:30","guid":{"rendered":"http:\/\/www.buscenter.it\/?page_id=8800"},"modified":"2020-02-05T22:33:24","modified_gmt":"2020-02-05T22:33:24","slug":"caserta","status":"publish","type":"page","link":"https:\/\/buscenter.travel\/en\/autobus\/caserta\/","title":{"rendered":"Caserta"},"content":{"rendered":"<p>[vc_row][vc_column width=&#8221;1\/2&#8243;][vc_images_carousel images=&#8221;13716,13715,13735,13736&#8243; img_size=&#8221;565&#215;565&#8243; onclick=&#8221;link_no&#8221;][\/vc_column][vc_column width=&#8221;1\/2&#8243;][vc_tta_tabs][vc_tta_section title=&#8221;Cosa vedere&#8221; tab_id=&#8221;1580926913047-31fe9f66-25c9&#8243;][vc_column_text]<\/p>\n<h3>COSA VEDERE A CASERTA?<\/h3>\n<p>La vostra fermata si trova a pochi passi dalla splendida\u00a0<strong>Reggia di Caserta<\/strong>. Ammirate il palazzo e il suo <strong>Parco Reale<\/strong> dove trovate la <strong>Grande Cascata<\/strong>, le splendide <strong>fontane<\/strong> e i <strong>Giardini Inglesi<\/strong>.<br \/>\nFate tappa anche alla <strong>Cattedrale di San Michele Arcangelo<\/strong>.<\/p>\n<p>A qualche chilometro dalla citt\u00e0 sorge il borgo medievale di <strong>Casertavecchia<\/strong>.\u00a0Visitate il <strong>Domo\u00a0<\/strong>con il suo\u00a0<strong>Campanile<\/strong>, il <strong>Castello<\/strong> e il <strong>Complesso Monumentale dell\u2019Annunziata<\/strong>.<\/p>\n<p>Nel casertano ci sono altre due mete imperdibili da aggiungere al vostro itinerario. Si tratta dell\u2019<strong>Acquedotto Carolino<\/strong> o <strong>Acquedotto di Vanvitelli\u00a0<\/strong>e del <strong>Complesso Monumentale Belvedere di San Leucio<\/strong>. Quest&#8217;ultimo \u00e8 composto dal <strong>Palazzo Reale del Belvedere<\/strong> e da alcuni <strong>giardini<\/strong>. Qui ha sede anche il <strong>Museo della Seta<\/strong>.<span style=\"font-size: 11.0pt; line-height: 115%; font-family: 'Calibri','sans-serif'; mso-ascii-theme-font: minor-latin; mso-fareast-font-family: Calibri; mso-fareast-theme-font: minor-latin; mso-hansi-theme-font: minor-latin; mso-bidi-font-family: 'Times New Roman'; mso-bidi-theme-font: minor-bidi; mso-ansi-language: IT; mso-fareast-language: EN-US; mso-bidi-language: AR-SA;\"><br \/>\n<\/span><\/p>\n<p><a href=\"https:\/\/shop.buscenter.it\/\">Prenota ora il tuo prossimo viaggio<\/a>[\/vc_column_text][\/vc_tta_section][vc_tta_section title=&#8221;Cosa Mangiare&#8221; tab_id=&#8221;1580926913126-9308365a-5562&#8243;][vc_column_text]<\/p>\n<h3>SPECIALIT\u00c0 CASERTANE<\/h3>\n<p>Due dei prodotti tipici della gastronomia locale sono senza dubbio la <strong>mozzarella di bufala\u00a0<\/strong>e il <strong>maialino nero casertano.<\/strong><\/p>\n<p>Se c&#8217;\u00e8 una specialit\u00e0 che a tavola non pu\u00f2 mancare \u00e8 sicuramente la pasta fatta in casa come gli <strong>scialatielli<\/strong>. Tra i primi piatti tradizionali trovate le <strong>pettolelle<\/strong> <strong>con fagioli<\/strong>, e l&#8217;<strong>insalata di spaghetti con vongole nere<\/strong>.<\/p>\n<p>Tra i secondi trovate una grande variet\u00e0 di prelibatezze. Se da una parte ci sono la <strong>minestra spostata<\/strong>, la <strong>cianfotta <\/strong>e il\u00a0<strong>filetto di maiale con salsa bianca<\/strong>, dall&#8217;altra ci sono i <strong>gamberi alla vesuviana<\/strong> e l&#8217;<strong>orata all\u2019acqua pazza<\/strong>.<\/p>\n<p>I dolci sono quelli tipici della Campania: <strong>sfogliatelle<\/strong>, <strong>bab\u00e0\u00a0<\/strong>e\u00a0<strong>struffoli<\/strong>.<\/p>\n<p>Come vino scegliete tra <strong>Falerno<\/strong> <strong>del Massico<\/strong>, <strong>Galluccio<\/strong> e <strong>Casavecchia<\/strong> <strong>di Pontelatone<\/strong>.[\/vc_column_text][\/vc_tta_section][vc_tta_section title=&#8221;Descrizione Fermata&#8221; tab_id=&#8221;1580926914439-8c529811-ca8e&#8221;][vc_column_text]<\/p>\n<h3>CASERTA CITT\u00c0<\/h3>\n<p>La fermata della Buscenter di Caserta\u00a0<strong>(solo per le tratte nazionali)<\/strong>\u00a0\u00e8 ubicata a Piazza Garibaldi, davanti la stazione F.S. Il pullman si ferma in prossimit\u00e0 della stazione F.S. dove trova spazio nella piccolissima area antistante la stazione, la quale si trova sulla destra.<br \/>\nNon sono presenti stalli e terminal\/aree attrezzate.<br \/>\nAlla destra della Stazione una piccola area adibita alla sosta taxi.<\/p>\n<p>Scopri le altre <a href=\"https:\/\/buscenter.travel\/fermate\/\">destinazioni<\/a>[\/vc_column_text][\/vc_tta_section][\/vc_tta_tabs][\/vc_column][\/vc_row]<\/p>\n","protected":false},"excerpt":{"rendered":"<p>[vc_row][vc_column width=&#8221;1\/2&#8243;][vc_images_carousel images=&#8221;13716,13715,13735,13736&#8243; img_size=&#8221;565&#215;565&#8243; onclick=&#8221;link_no&#8221;][\/vc_column][vc_column width=&#8221;1\/2&#8243;][vc_tta_tabs][vc_tta_section title=&#8221;Cosa vedere&#8221; tab_id=&#8221;1580926913047-31fe9f66-25c9&#8243;][vc_column_text] COSA VEDERE A CASERTA? La vostra fermata si trova a pochi&#8230;<\/p>\n","protected":false},"author":3,"featured_media":13716,"parent":8190,"menu_order":0,"comment_status":"closed","ping_status":"closed","template":"template-page-city.php","meta":[],"yoast_head":"<!-- This site is optimized with the Yoast SEO plugin v15.5 - https:\/\/yoast.com\/wordpress\/plugins\/seo\/ -->\n<title>Caserta &bull; BusCenter: Viaggi in Bus in Italia - Prenota viaggi low cost<\/title>\n<meta name=\"description\" content=\"Viaggia da e verso Caserta a prezzi low cost con Bus Center. Autobus moderni, toilette, aria condizionata, Free Wi-Fi, prese di corrente.\" \/>\n<meta name=\"robots\" content=\"index, follow, max-snippet:-1, max-image-preview:large, max-video-preview:-1\" \/>\n<link rel=\"canonical\" href=\"https:\/\/buscenter.travel\/autobus\/caserta\/\" \/>\n<meta property=\"og:locale\" content=\"en_US\" \/>\n<meta property=\"og:type\" content=\"article\" \/>\n<meta property=\"og:title\" content=\"Caserta &bull; BusCenter: Viaggi in Bus in Italia - Prenota viaggi low cost\" \/>\n<meta property=\"og:description\" content=\"Viaggia da e verso Caserta a prezzi low cost con Bus Center. Autobus moderni, toilette, aria condizionata, Free Wi-Fi, prese di corrente.\" \/>\n<meta property=\"og:url\" content=\"https:\/\/buscenter.travel\/autobus\/caserta\/\" \/>\n<meta property=\"og:site_name\" content=\"BusCenter: Viaggi in Bus in Italia - Prenota viaggi low cost\" \/>\n<meta property=\"article:publisher\" content=\"https:\/\/www.facebook.com\/buscenter\/\" \/>\n<meta property=\"article:modified_time\" content=\"2020-02-05T22:33:24+00:00\" \/>\n<meta property=\"og:image\" content=\"https:\/\/buscenter.travel\/wp-content\/uploads\/2020\/02\/the-royal-palace-of-caserta-PEDFES6-1024x687.jpg\" \/>\n\t<meta property=\"og:image:width\" content=\"1024\" \/>\n\t<meta property=\"og:image:height\" content=\"687\" \/>\n<meta name=\"twitter:card\" content=\"summary_large_image\" \/>\n<meta name=\"twitter:site\" content=\"@buscenter_srl\" \/>\n<meta name=\"twitter:label1\" content=\"Est. reading time\">\n\t<meta name=\"twitter:data1\" content=\"2 minutes\">\n<script type=\"application\/ld+json\" class=\"yoast-schema-graph\">{\"@context\":\"https:\/\/schema.org\",\"@graph\":[{\"@type\":\"Organization\",\"@id\":\"https:\/\/buscenter.travel\/#organization\",\"name\":\"BusCenter\",\"url\":\"https:\/\/buscenter.travel\/\",\"sameAs\":[\"https:\/\/www.facebook.com\/buscenter\/\",\"https:\/\/www.instagram.com\/buscenter_onbus\/\",\"https:\/\/www.linkedin.com\/company\/buscenter\/\",\"https:\/\/twitter.com\/buscenter_srl\"],\"logo\":{\"@type\":\"ImageObject\",\"@id\":\"https:\/\/buscenter.travel\/#logo\",\"inLanguage\":\"en-US\",\"url\":\"https:\/\/buscenter.travel\/wp-content\/uploads\/2019\/02\/buscenter.png\",\"width\":1000,\"height\":167,\"caption\":\"BusCenter\"},\"image\":{\"@id\":\"https:\/\/buscenter.travel\/#logo\"}},{\"@type\":\"WebSite\",\"@id\":\"https:\/\/buscenter.travel\/#website\",\"url\":\"https:\/\/buscenter.travel\/\",\"name\":\"BusCenter: Viaggi in Bus in Italia - Prenota viaggi low cost\",\"description\":\"Il tuo punto di partenza\",\"publisher\":{\"@id\":\"https:\/\/buscenter.travel\/#organization\"},\"potentialAction\":[{\"@type\":\"SearchAction\",\"target\":\"https:\/\/buscenter.travel\/?s={search_term_string}\",\"query-input\":\"required name=search_term_string\"}],\"inLanguage\":\"en-US\"},{\"@type\":\"ImageObject\",\"@id\":\"https:\/\/buscenter.travel\/autobus\/caserta\/#primaryimage\",\"inLanguage\":\"en-US\",\"url\":\"https:\/\/buscenter.travel\/wp-content\/uploads\/2020\/02\/the-royal-palace-of-caserta-PEDFES6.jpg\",\"width\":4000,\"height\":2683,\"caption\":\"Reggia di Caserta, Caserta, Campania, Italia\"},{\"@type\":\"WebPage\",\"@id\":\"https:\/\/buscenter.travel\/autobus\/caserta\/#webpage\",\"url\":\"https:\/\/buscenter.travel\/autobus\/caserta\/\",\"name\":\"Caserta &bull; BusCenter: Viaggi in Bus in Italia - Prenota viaggi low cost\",\"isPartOf\":{\"@id\":\"https:\/\/buscenter.travel\/#website\"},\"primaryImageOfPage\":{\"@id\":\"https:\/\/buscenter.travel\/autobus\/caserta\/#primaryimage\"},\"datePublished\":\"2018-05-31T15:13:30+00:00\",\"dateModified\":\"2020-02-05T22:33:24+00:00\",\"description\":\"Viaggia da e verso Caserta a prezzi low cost con Bus Center. Autobus moderni, toilette, aria condizionata, Free Wi-Fi, prese di corrente.\",\"inLanguage\":\"en-US\",\"potentialAction\":[{\"@type\":\"ReadAction\",\"target\":[\"https:\/\/buscenter.travel\/autobus\/caserta\/\"]}]}]}<\/script>\n<!-- \/ Yoast SEO plugin. -->","_links":{"self":[{"href":"https:\/\/buscenter.travel\/en\/wp-json\/wp\/v2\/pages\/8800"}],"collection":[{"href":"https:\/\/buscenter.travel\/en\/wp-json\/wp\/v2\/pages"}],"about":[{"href":"https:\/\/buscenter.travel\/en\/wp-json\/wp\/v2\/types\/page"}],"author":[{"embeddable":true,"href":"https:\/\/buscenter.travel\/en\/wp-json\/wp\/v2\/users\/3"}],"replies":[{"embeddable":true,"href":"https:\/\/buscenter.travel\/en\/wp-json\/wp\/v2\/comments?post=8800"}],"version-history":[{"count":0,"href":"https:\/\/buscenter.travel\/en\/wp-json\/wp\/v2\/pages\/8800\/revisions"}],"up":[{"embeddable":true,"href":"https:\/\/buscenter.travel\/en\/wp-json\/wp\/v2\/pages\/8190"}],"wp:featuredmedia":[{"embeddable":true,"href":"https:\/\/buscenter.travel\/en\/wp-json\/wp\/v2\/media\/13716"}],"wp:attachment":[{"href":"https:\/\/buscenter.travel\/en\/wp-json\/wp\/v2\/media?parent=8800"}],"curies":[{"name":"wp","href":"https:\/\/api.w.org\/{rel}","templated":true}]}}