{"id":8980,"date":"2018-05-31T15:54:09","date_gmt":"2018-05-31T15:54:09","guid":{"rendered":"http:\/\/www.buscenter.it\/?page_id=8980"},"modified":"2020-07-20T11:09:05","modified_gmt":"2020-07-20T11:09:05","slug":"novara","status":"publish","type":"page","link":"https:\/\/buscenter.travel\/en\/autobus\/novara\/","title":{"rendered":"Novara"},"content":{"rendered":"<p>[vc_row][vc_column width=&#8221;1\/2&#8243;][vc_images_carousel images=&#8221;13694,13696,13695&#8243; img_size=&#8221;565&#215;565&#8243; onclick=&#8221;link_no&#8221;][\/vc_column][vc_column width=&#8221;1\/2&#8243;][vc_tta_tabs][vc_tta_section title=&#8221;Cosa vedere&#8221; tab_id=&#8221;1580845717959-dbb03f27-adde&#8221;][vc_column_text]<\/p>\n<h3>COSA VEDERE A NOVARA?<\/h3>\n<p>Cominciate il tour della citt\u00e0 dal <strong>Castello di Novara<\/strong>.<br \/>\nUna tappa da aggiungere al vostro itinerario \u00e8 sicuramente il <strong>Teatro Coccia<\/strong>.<br \/>\nRecatevi in <strong>Piazza della Repubblica <\/strong>dove\u00a0potete\u00a0vedere la <strong>Cattedrale di Santa Maria Assunta<\/strong>, il <strong>Battistero<\/strong> e i <strong>Musei della Canonica del Duomo<\/strong>.<br \/>\nAdesso visitate il <strong>Complesso Monumentale del Broletto<\/strong> che ospita anche la sede della <strong>Galleria di Arte Moderna<\/strong>. Da qui raggiungete <strong>Palazzo Tornielli Bellini<\/strong> e poi recatevi alla\u00a0<strong>Basilica di San Gaudenzio<\/strong>.<br \/>\nInfine, terminae il vostro giro con una sosta a <strong>Casa Bossi<\/strong>.<\/p>\n<p>Nei dintorni della citt\u00e0 trovate il <strong>Lago di Aorta\u00a0<\/strong>con\u00a0il paese di <strong>Orta San Giulio<\/strong> e la <strong>Riserva delle Baragge<\/strong>, destinazioni perfette per una giornata da passare a contatto con la natura.<\/p>\n<p><a href=\"https:\/\/shop.buscenter.it\/\">Prenota ora il tuo prossimo viaggio<\/a>[\/vc_column_text][\/vc_tta_section][vc_tta_section title=&#8221;Cosa Mangiare&#8221; tab_id=&#8221;1580845718031-b7899d8a-f00f&#8221;][vc_column_text]<\/p>\n<h3>SPECIALIT\u00c0 NOVARESI<\/h3>\n<p>\u00c8 il momento di sedersi a tavola e scoprire i prodotti della gastronomia locale. Iniziate con un antipasto di formaggi e salumi come il <strong>gorgonzola<\/strong> e il <strong>salame della Duja<\/strong>.<\/p>\n<p>Tra i primi non pu\u00f2 mancare il\u00a0<strong>risotto al<\/strong> <strong>gorgonzola<\/strong>, ma ci sono anche valide alternative come la\u00a0<strong>paniscia<\/strong>\u00a0e i <strong>cannelloni alla Barbaroux<\/strong>.<\/p>\n<p>Tra i secondi trovate non solo le specialit\u00e0 della citt\u00e0, ma anche quelle regionali. Scegliete quindi tra il <strong>tapulon<\/strong>, di solito accompagnato dalla <strong>polenta<\/strong>, la <strong>carne lessa con bagnet<\/strong>, la <strong>cassola<\/strong>, la <strong>rustida\u00a0<\/strong>e le <strong>rane fritte<\/strong>.<\/p>\n<p>Per terminare il vostro pasto non c&#8217;\u00e8 niente di meglio del dessert. Assaggiate il <strong>Pane di San Gaudenzio\u00a0<\/strong>oppure i tipici\u00a0<strong>biscottini novaresi<\/strong>.<\/p>\n<p>Irrorate il tutto con un bicchiere di\u00a0<strong>Nebbiolo<\/strong>.[\/vc_column_text][\/vc_tta_section][vc_tta_section title=&#8221;Descrizione Fermate&#8221; tab_id=&#8221;1580845719452-036ef3af-e61f&#8221;][vc_column_text]<\/p>\n<h3>FERMATA NOVARA &#8211; AUTOSTRADA A4<\/h3>\n<p>La fermata di Novara\u00a0si trova lungo l\u2019autostrada A4, in prossimit\u00e0 dello svincolo Novara Ovest.<br \/>\nPer ognuno dei sensi di marcia vi \u00e8 uno spazio apposito nel quale i pullman si fermano. A ciascuna fermata si accede dalla relativa carreggiata autostradale immettendosi in un corridoio parallelo. All\u2019interno di detto corridoio, il pullman si ferma in sicurezza nell\u2019area delimitata da una striscia gialla, per le operazioni di discesa e salita dei passeggeri che accedono direttamente al marciapiede. Questa sorta di piccolo terminal \u00e8 illuminato e coperto da una pensilina. Le due fermate, una per ciascun senso di marcia, sono una di fronte all\u2019altra e le relative pensiline sono visibili l\u2019una dall\u2019altra. Le due carreggiate autostradali vengono quindi a trovarsi fra le due fermate che sono collegate fra loro da un sottopassaggio illuminato. Da una delle due fermate (quella in direzione da Roma verso Torino) si giunge ad un piccolo piazzale, un\u2019area di sosta (Agognate) non collegata n\u00e9 da mezzi pubblici, n\u00e9 da taxi con la citt\u00e0.<\/p>\n<p>Al fine di agevolare i passeggeri che non sono del posto o che non hanno la possibilit\u00e0 di farsi venire a prendere, si segnalano i seguenti numeri di telefono della compagnia di taxi nazionale : 0321 6919 99 e 02 53 53.<\/p>\n<h3>FERMATA NOVARA OVEST<\/h3>\n<p>La fermata di Novara Ovest\u00a0per chi la raggiungesse dall\u2019autostrada da sud verso nord si trova rino, prendendo lo svincolo Novara Ovest, ma tenendo immediatamente la sinistra cos\u00ec da immettersi immediatamente lungo la corsia parallela all\u2019autostrada A4 e immettendosi nel piccolo terminal fermata con uscita diretta in autostrada.<br \/>\nAlla fermata \u00e8 presente la tabella Buscenter. Per chi dovesse prendere il pullman alla fermata di Novara Ovest, direzione da nord verso sud,<br \/>\ndeve oltrepassare lo svincolo autostradale di Novara Ovest senza immettercisi, e proseguire per circa 50 metri, e quindi immettersi nella piccola corsia riservata ai bus per la salita dei passeggeri. Anche in questo caso \u00e8 presente la tabella Buscenter.<\/p>\n<p>Scopri le altre <a href=\"https:\/\/buscenter.travel\/fermate\/\">destinazioni<\/a>[\/vc_column_text][\/vc_tta_section][\/vc_tta_tabs][\/vc_column][\/vc_row]<\/p>\n","protected":false},"excerpt":{"rendered":"<p>[vc_row][vc_column width=&#8221;1\/2&#8243;][vc_images_carousel images=&#8221;13694,13696,13695&#8243; img_size=&#8221;565&#215;565&#8243; onclick=&#8221;link_no&#8221;][\/vc_column][vc_column width=&#8221;1\/2&#8243;][vc_tta_tabs][vc_tta_section title=&#8221;Cosa vedere&#8221; tab_id=&#8221;1580845717959-dbb03f27-adde&#8221;][vc_column_text] COSA VEDERE A NOVARA? Cominciate il tour della citt\u00e0 dal Castello&#8230;<\/p>\n","protected":false},"author":3,"featured_media":13694,"parent":8190,"menu_order":0,"comment_status":"closed","ping_status":"closed","template":"template-page-city.php","meta":[],"yoast_head":"<!-- This site is optimized with the Yoast SEO plugin v15.5 - https:\/\/yoast.com\/wordpress\/plugins\/seo\/ -->\n<title>Novara &bull; BusCenter: Viaggi in Bus in Italia - Prenota viaggi low cost<\/title>\n<meta name=\"description\" content=\"Viaggia da e verso Novara a prezzi low cost con Bus Center. Autobus moderni, toilette, aria condizionata, Free Wi-Fi, prese di corrente.\" \/>\n<meta name=\"robots\" content=\"index, follow, max-snippet:-1, max-image-preview:large, max-video-preview:-1\" \/>\n<link rel=\"canonical\" href=\"https:\/\/buscenter.travel\/autobus\/novara\/\" \/>\n<meta property=\"og:locale\" content=\"en_US\" \/>\n<meta property=\"og:type\" content=\"article\" \/>\n<meta property=\"og:title\" content=\"Novara &bull; BusCenter: Viaggi in Bus in Italia - Prenota viaggi low cost\" \/>\n<meta property=\"og:description\" content=\"Viaggia da e verso Novara a prezzi low cost con Bus Center. Autobus moderni, toilette, aria condizionata, Free Wi-Fi, prese di corrente.\" \/>\n<meta property=\"og:url\" content=\"https:\/\/buscenter.travel\/autobus\/novara\/\" \/>\n<meta property=\"og:site_name\" content=\"BusCenter: Viaggi in Bus in Italia - Prenota viaggi low cost\" \/>\n<meta property=\"article:publisher\" content=\"https:\/\/www.facebook.com\/buscenter\/\" \/>\n<meta property=\"article:modified_time\" content=\"2020-07-20T11:09:05+00:00\" \/>\n<meta property=\"og:image\" content=\"https:\/\/buscenter.travel\/wp-content\/uploads\/2020\/02\/orta-lake-landscape-orta-san-giulio-village-and-P6KQHC6-1024x683.jpg\" \/>\n\t<meta property=\"og:image:width\" content=\"1024\" \/>\n\t<meta property=\"og:image:height\" content=\"683\" \/>\n<meta name=\"twitter:card\" content=\"summary_large_image\" \/>\n<meta name=\"twitter:site\" content=\"@buscenter_srl\" \/>\n<meta name=\"twitter:label1\" content=\"Est. reading time\">\n\t<meta name=\"twitter:data1\" content=\"3 minutes\">\n<script type=\"application\/ld+json\" class=\"yoast-schema-graph\">{\"@context\":\"https:\/\/schema.org\",\"@graph\":[{\"@type\":\"Organization\",\"@id\":\"https:\/\/buscenter.travel\/#organization\",\"name\":\"BusCenter\",\"url\":\"https:\/\/buscenter.travel\/\",\"sameAs\":[\"https:\/\/www.facebook.com\/buscenter\/\",\"https:\/\/www.instagram.com\/buscenter_onbus\/\",\"https:\/\/www.linkedin.com\/company\/buscenter\/\",\"https:\/\/twitter.com\/buscenter_srl\"],\"logo\":{\"@type\":\"ImageObject\",\"@id\":\"https:\/\/buscenter.travel\/#logo\",\"inLanguage\":\"en-US\",\"url\":\"https:\/\/buscenter.travel\/wp-content\/uploads\/2019\/02\/buscenter.png\",\"width\":1000,\"height\":167,\"caption\":\"BusCenter\"},\"image\":{\"@id\":\"https:\/\/buscenter.travel\/#logo\"}},{\"@type\":\"WebSite\",\"@id\":\"https:\/\/buscenter.travel\/#website\",\"url\":\"https:\/\/buscenter.travel\/\",\"name\":\"BusCenter: Viaggi in Bus in Italia - Prenota viaggi low cost\",\"description\":\"Il tuo punto di partenza\",\"publisher\":{\"@id\":\"https:\/\/buscenter.travel\/#organization\"},\"potentialAction\":[{\"@type\":\"SearchAction\",\"target\":\"https:\/\/buscenter.travel\/?s={search_term_string}\",\"query-input\":\"required name=search_term_string\"}],\"inLanguage\":\"en-US\"},{\"@type\":\"ImageObject\",\"@id\":\"https:\/\/buscenter.travel\/autobus\/novara\/#primaryimage\",\"inLanguage\":\"en-US\",\"url\":\"https:\/\/buscenter.travel\/wp-content\/uploads\/2020\/02\/orta-lake-landscape-orta-san-giulio-village-and-P6KQHC6.jpg\",\"width\":6000,\"height\":4002,\"caption\":\"Lago d'Orta e Orta San Giulio , in provincia di Novara, Piemonte, Italia\"},{\"@type\":\"WebPage\",\"@id\":\"https:\/\/buscenter.travel\/autobus\/novara\/#webpage\",\"url\":\"https:\/\/buscenter.travel\/autobus\/novara\/\",\"name\":\"Novara &bull; BusCenter: Viaggi in Bus in Italia - Prenota viaggi low cost\",\"isPartOf\":{\"@id\":\"https:\/\/buscenter.travel\/#website\"},\"primaryImageOfPage\":{\"@id\":\"https:\/\/buscenter.travel\/autobus\/novara\/#primaryimage\"},\"datePublished\":\"2018-05-31T15:54:09+00:00\",\"dateModified\":\"2020-07-20T11:09:05+00:00\",\"description\":\"Viaggia da e verso Novara a prezzi low cost con Bus Center. Autobus moderni, toilette, aria condizionata, Free Wi-Fi, prese di corrente.\",\"inLanguage\":\"en-US\",\"potentialAction\":[{\"@type\":\"ReadAction\",\"target\":[\"https:\/\/buscenter.travel\/autobus\/novara\/\"]}]}]}<\/script>\n<!-- \/ Yoast SEO plugin. -->","_links":{"self":[{"href":"https:\/\/buscenter.travel\/en\/wp-json\/wp\/v2\/pages\/8980"}],"collection":[{"href":"https:\/\/buscenter.travel\/en\/wp-json\/wp\/v2\/pages"}],"about":[{"href":"https:\/\/buscenter.travel\/en\/wp-json\/wp\/v2\/types\/page"}],"author":[{"embeddable":true,"href":"https:\/\/buscenter.travel\/en\/wp-json\/wp\/v2\/users\/3"}],"replies":[{"embeddable":true,"href":"https:\/\/buscenter.travel\/en\/wp-json\/wp\/v2\/comments?post=8980"}],"version-history":[{"count":0,"href":"https:\/\/buscenter.travel\/en\/wp-json\/wp\/v2\/pages\/8980\/revisions"}],"up":[{"embeddable":true,"href":"https:\/\/buscenter.travel\/en\/wp-json\/wp\/v2\/pages\/8190"}],"wp:featuredmedia":[{"embeddable":true,"href":"https:\/\/buscenter.travel\/en\/wp-json\/wp\/v2\/media\/13694"}],"wp:attachment":[{"href":"https:\/\/buscenter.travel\/en\/wp-json\/wp\/v2\/media?parent=8980"}],"curies":[{"name":"wp","href":"https:\/\/api.w.org\/{rel}","templated":true}]}}