{"id":8998,"date":"2018-05-31T15:55:10","date_gmt":"2018-05-31T15:55:10","guid":{"rendered":"http:\/\/www.buscenter.it\/?page_id=8998"},"modified":"2020-11-30T19:15:11","modified_gmt":"2020-11-30T19:15:11","slug":"pordenone","status":"publish","type":"page","link":"https:\/\/buscenter.travel\/en\/autobus\/pordenone\/","title":{"rendered":"Pordenone"},"content":{"rendered":"<p>[vc_row][vc_column width=&#8221;1\/2&#8243;][vc_images_carousel images=&#8221;13896,13897&#8243; img_size=&#8221;565&#215;565&#8243; onclick=&#8221;link_no&#8221;][\/vc_column][vc_column width=&#8221;1\/2&#8243;][vc_tta_tabs][vc_tta_section title=&#8221;Cosa vedere&#8221; tab_id=&#8221;1581417245929-6f24cfd2-410a&#8221;][vc_column_text]<\/p>\n<h3>COSA VEDERE A PORDENONE?<\/h3>\n<p>Iniziate il tuor dal cosiddetto <strong>Borgo di Sotto<\/strong>, il cuore di Pordenone. Andate in <strong>Corso Garibaldi<\/strong> per vedere\u00a0alcuni splendidi palazzi. Passate dalla\u00a0<strong>Chiesa di San Giorgio<\/strong>\u00a0e poi recatevi in <strong>Piazza Cavour<\/strong>. Adesso imboccate <strong>Corso Vittorio Emanuele II<\/strong>. Qui sorge il <strong>Palazzo del Comune<\/strong>,\u00a0dove ha sede la <strong>Pinacoteca Comunale<\/strong>. Proprio accanto si trova <strong>Palazzo Ricchieri<\/strong> con il suo <strong>Museo Civico d\u2019Arte<\/strong>. Non dimenticate di aggiungere al vostro itinerario la <strong>Concattedrale di San Marco <\/strong>e il suo<strong> Campanile<\/strong>. Infine, godetevi una passeggiata al <strong>Parco Fluviale del Noncello<\/strong>, al\u00a0<strong>Parco Galvani\u00a0<\/strong>o al\u00a0<strong>Parco San Valentino<\/strong>.<\/p>\n<p class=\"MsoNormal\" style=\"margin-bottom: 13.2pt; line-height: normal; background-image: initial; background-position: initial; background-size: initial; background-repeat: initial; background-attachment: initial; background-origin: initial; background-clip: initial;\">Nei dintorni trovate l\u2019<strong>Abbazia di Santa Maria in Sylvis<\/strong> a <strong>Sesto al Reghena<\/strong>, <strong>San Vito al Tagliamento<\/strong> e il borgo di <strong>Valvasone<\/strong>.<\/p>\n<p><a href=\"https:\/\/shop.buscenter.it\/\">Prenota ora il tuo prossimo viaggio<\/a>[\/vc_column_text][\/vc_tta_section][vc_tta_section title=&#8221;Cosa Mangiare&#8221; tab_id=&#8221;1581417246002-544b9413-2cea&#8221;][vc_column_text]<\/p>\n<h3>SPECIALIT\u00c0 PORDENONESI<\/h3>\n<p>Adesso \u00e8 il momento di sedersi a tavola e scoprire le specialit\u00e0 gastronomiche della citt\u00e0. Gli antipasti abbondano di <strong>verdure\u00a0<\/strong>fresche,\u00a0<strong>salumi<\/strong> e <strong>formaggi<\/strong> locali.<\/p>\n<p>Un primo piatto tipico \u00e8 il <strong>brut brusat<\/strong>, ma non mancano le alternative come i\u00a0<strong>bigoli in salsa<\/strong>, gli\u00a0<strong>gnocchi di polenta<\/strong>\u00a0e vari tipi\u00a0di risotti come quello con la\u00a0<strong>verza <\/strong>e i\u00a0<strong>risi e bisi<\/strong>.<\/p>\n<p>Tra i secondi abbondano i piatti a base di carne. Trovate cos\u00ec\u00a0<strong>costate di maiale<\/strong>, <strong>fegato<\/strong>,\u00a0<strong>trippa<\/strong> e il <strong>goulash<\/strong>. Sono molto comuni anche le <strong>frittate a base di erbe e verdure<\/strong>.<\/p>\n<p><strong>Solo qui potrete assaggiare i biscotti di Pordenone<\/strong>. Naturalmente, in citt\u00e0 non mancano i classici dessert diffusi nel resto della regione come\u00a0<strong>bussol\u00e0<\/strong> e <strong>zaleti<\/strong>.<\/p>\n<p>Per accompagnare il vostro pasto vi consigliamo un ottimo\u00a0<strong>Pinot<\/strong>.[\/vc_column_text][\/vc_tta_section][vc_tta_section title=&#8221;Descrizione Fermata&#8221; tab_id=&#8221;1581417247320-78e4f0b9-b154&#8243;][vc_column_text]<\/p>\n<h3>FERMATA PORDENONE<\/h3>\n<p>La fermata di Pordenone\u00a0\u00e8 in un\u2019area parzialmente coperta da pensiline parallela a via Oberdan. I pullman della Buscenter si fermano allo stallo 1, lungo la striscia gialla con la scritta bus, adiacente al marciapiede. Gli stalli sono tutti paralleli, coperti da tettoia e illuminati. Non vi \u00e8 la palina Buscenter.<br \/>\nA pochi passi dalla fermata Buscenter \u00e8 una caratteristica struttura di colore rosso: si tratta della biglietteria che emette biglietti per le sole corse urbane (ATAP).<br \/>\nDalla fermata, oltre questa struttura, sulla destra, si giunge in pochi minuti a un corpo basso di colore grigio e rosa che \u00e8 la stazione FS.<\/p>\n<p>Scopri le altre <a href=\"https:\/\/buscenter.travel\/fermate\/\">destinazioni<\/a>[\/vc_column_text][\/vc_tta_section][\/vc_tta_tabs][\/vc_column][\/vc_row]<\/p>\n","protected":false},"excerpt":{"rendered":"<p>[vc_row][vc_column width=&#8221;1\/2&#8243;][vc_images_carousel images=&#8221;13896,13897&#8243; img_size=&#8221;565&#215;565&#8243; onclick=&#8221;link_no&#8221;][\/vc_column][vc_column width=&#8221;1\/2&#8243;][vc_tta_tabs][vc_tta_section title=&#8221;Cosa vedere&#8221; tab_id=&#8221;1581417245929-6f24cfd2-410a&#8221;][vc_column_text] COSA VEDERE A PORDENONE? Iniziate il tuor dal cosiddetto Borgo di&#8230;<\/p>\n","protected":false},"author":3,"featured_media":0,"parent":8190,"menu_order":0,"comment_status":"closed","ping_status":"closed","template":"template-page-city.php","meta":[],"yoast_head":"<!-- This site is optimized with the Yoast SEO plugin v15.5 - https:\/\/yoast.com\/wordpress\/plugins\/seo\/ -->\n<title>Pordenone &bull; BusCenter: Viaggi in Bus in Italia - Prenota viaggi low cost<\/title>\n<meta name=\"description\" content=\"Viaggia da e verso Pordenone a prezzi low cost con Bus Center. Autobus moderni, toilette, aria condizionata, Free Wi-Fi, prese di corrente.\" \/>\n<meta name=\"robots\" content=\"index, follow, max-snippet:-1, max-image-preview:large, max-video-preview:-1\" \/>\n<link rel=\"canonical\" href=\"https:\/\/buscenter.travel\/autobus\/pordenone\/\" \/>\n<meta property=\"og:locale\" content=\"en_US\" \/>\n<meta property=\"og:type\" content=\"article\" \/>\n<meta property=\"og:title\" content=\"Pordenone &bull; BusCenter: Viaggi in Bus in Italia - Prenota viaggi low cost\" \/>\n<meta property=\"og:description\" content=\"Viaggia da e verso Pordenone a prezzi low cost con Bus Center. Autobus moderni, toilette, aria condizionata, Free Wi-Fi, prese di corrente.\" \/>\n<meta property=\"og:url\" content=\"https:\/\/buscenter.travel\/autobus\/pordenone\/\" \/>\n<meta property=\"og:site_name\" content=\"BusCenter: Viaggi in Bus in Italia - Prenota viaggi low cost\" \/>\n<meta property=\"article:publisher\" content=\"https:\/\/www.facebook.com\/buscenter\/\" \/>\n<meta property=\"article:modified_time\" content=\"2020-11-30T19:15:11+00:00\" \/>\n<meta name=\"twitter:card\" content=\"summary_large_image\" \/>\n<meta name=\"twitter:site\" content=\"@buscenter_srl\" \/>\n<meta name=\"twitter:label1\" content=\"Est. reading time\">\n\t<meta name=\"twitter:data1\" content=\"2 minutes\">\n<script type=\"application\/ld+json\" class=\"yoast-schema-graph\">{\"@context\":\"https:\/\/schema.org\",\"@graph\":[{\"@type\":\"Organization\",\"@id\":\"https:\/\/buscenter.travel\/#organization\",\"name\":\"BusCenter\",\"url\":\"https:\/\/buscenter.travel\/\",\"sameAs\":[\"https:\/\/www.facebook.com\/buscenter\/\",\"https:\/\/www.instagram.com\/buscenter_onbus\/\",\"https:\/\/www.linkedin.com\/company\/buscenter\/\",\"https:\/\/twitter.com\/buscenter_srl\"],\"logo\":{\"@type\":\"ImageObject\",\"@id\":\"https:\/\/buscenter.travel\/#logo\",\"inLanguage\":\"en-US\",\"url\":\"https:\/\/buscenter.travel\/wp-content\/uploads\/2019\/02\/buscenter.png\",\"width\":1000,\"height\":167,\"caption\":\"BusCenter\"},\"image\":{\"@id\":\"https:\/\/buscenter.travel\/#logo\"}},{\"@type\":\"WebSite\",\"@id\":\"https:\/\/buscenter.travel\/#website\",\"url\":\"https:\/\/buscenter.travel\/\",\"name\":\"BusCenter: Viaggi in Bus in Italia - Prenota viaggi low cost\",\"description\":\"Il tuo punto di partenza\",\"publisher\":{\"@id\":\"https:\/\/buscenter.travel\/#organization\"},\"potentialAction\":[{\"@type\":\"SearchAction\",\"target\":\"https:\/\/buscenter.travel\/?s={search_term_string}\",\"query-input\":\"required name=search_term_string\"}],\"inLanguage\":\"en-US\"},{\"@type\":\"WebPage\",\"@id\":\"https:\/\/buscenter.travel\/autobus\/pordenone\/#webpage\",\"url\":\"https:\/\/buscenter.travel\/autobus\/pordenone\/\",\"name\":\"Pordenone &bull; BusCenter: Viaggi in Bus in Italia - Prenota viaggi low cost\",\"isPartOf\":{\"@id\":\"https:\/\/buscenter.travel\/#website\"},\"datePublished\":\"2018-05-31T15:55:10+00:00\",\"dateModified\":\"2020-11-30T19:15:11+00:00\",\"description\":\"Viaggia da e verso Pordenone a prezzi low cost con Bus Center. Autobus moderni, toilette, aria condizionata, Free Wi-Fi, prese di corrente.\",\"inLanguage\":\"en-US\",\"potentialAction\":[{\"@type\":\"ReadAction\",\"target\":[\"https:\/\/buscenter.travel\/autobus\/pordenone\/\"]}]}]}<\/script>\n<!-- \/ Yoast SEO plugin. -->","_links":{"self":[{"href":"https:\/\/buscenter.travel\/en\/wp-json\/wp\/v2\/pages\/8998"}],"collection":[{"href":"https:\/\/buscenter.travel\/en\/wp-json\/wp\/v2\/pages"}],"about":[{"href":"https:\/\/buscenter.travel\/en\/wp-json\/wp\/v2\/types\/page"}],"author":[{"embeddable":true,"href":"https:\/\/buscenter.travel\/en\/wp-json\/wp\/v2\/users\/3"}],"replies":[{"embeddable":true,"href":"https:\/\/buscenter.travel\/en\/wp-json\/wp\/v2\/comments?post=8998"}],"version-history":[{"count":0,"href":"https:\/\/buscenter.travel\/en\/wp-json\/wp\/v2\/pages\/8998\/revisions"}],"up":[{"embeddable":true,"href":"https:\/\/buscenter.travel\/en\/wp-json\/wp\/v2\/pages\/8190"}],"wp:attachment":[{"href":"https:\/\/buscenter.travel\/en\/wp-json\/wp\/v2\/media?parent=8998"}],"curies":[{"name":"wp","href":"https:\/\/api.w.org\/{rel}","templated":true}]}}